{"id":151,"date":"2019-01-17T23:01:00","date_gmt":"2019-01-17T23:01:00","guid":{"rendered":"https:\/\/aguiabrasilsolucoes.com.br\/?page_id=151"},"modified":"2026-03-09T18:31:07","modified_gmt":"2026-03-09T18:31:07","slug":"clientes-2","status":"publish","type":"page","link":"https:\/\/aguiabrasilsolucoes.com.br\/?page_id=151","title":{"rendered":"CLIENTES"},"content":{"rendered":"\n<p>Nossas refer\u00eancias no mercado \u00e9 o nosso atendimento com excel\u00eancia aos diversos seguimentos industriais e comerciais de Minas Gerais. Para maiores informa\u00e7\u00f5es solicite uma visita dos nossos profissionais. <\/p>\n","protected":false},"excerpt":{"rendered":"<p>Nossas refer\u00eancias no mercado \u00e9 o nosso atendimento com excel\u00eancia aos diversos seguimentos industriais e comerciais de Minas Gerais. Para maiores informa\u00e7\u00f5es solicite uma visita dos nossos profissionais.<\/p>\n","protected":false},"author":1,"featured_media":0,"parent":0,"menu_order":0,"comment_status":"closed","ping_status":"closed","template":"","meta":{"footnotes":""},"_links":{"self":[{"href":"https:\/\/aguiabrasilsolucoes.com.br\/index.php?rest_route=\/wp\/v2\/pages\/151"}],"collection":[{"href":"https:\/\/aguiabrasilsolucoes.com.br\/index.php?rest_route=\/wp\/v2\/pages"}],"about":[{"href":"https:\/\/aguiabrasilsolucoes.com.br\/index.php?rest_route=\/wp\/v2\/types\/page"}],"author":[{"embeddable":true,"href":"https:\/\/aguiabrasilsolucoes.com.br\/index.php?rest_route=\/wp\/v2\/users\/1"}],"replies":[{"embeddable":true,"href":"https:\/\/aguiabrasilsolucoes.com.br\/index.php?rest_route=%2Fwp%2Fv2%2Fcomments&post=151"}],"version-history":[{"count":4,"href":"https:\/\/aguiabrasilsolucoes.com.br\/index.php?rest_route=\/wp\/v2\/pages\/151\/revisions"}],"predecessor-version":[{"id":785,"href":"https:\/\/aguiabrasilsolucoes.com.br\/index.php?rest_route=\/wp\/v2\/pages\/151\/revisions\/785"}],"wp:attachment":[{"href":"https:\/\/aguiabrasilsolucoes.com.br\/index.php?rest_route=%2Fwp%2Fv2%2Fmedia&parent=151"}],"curies":[{"name":"wp","href":"https:\/\/api.w.org\/{rel}","templated":true}]}}