{"id":159,"date":"2019-01-17T23:04:44","date_gmt":"2019-01-17T23:04:44","guid":{"rendered":"https:\/\/aguiabrasilsolucoes.com.br\/?page_id=159"},"modified":"2019-01-18T00:45:45","modified_gmt":"2019-01-18T00:45:45","slug":"seguranca-do-trabalho-e-higiene-ocupacional","status":"publish","type":"page","link":"https:\/\/aguiabrasilsolucoes.com.br\/?page_id=159","title":{"rendered":"Seguran\u00e7a do trabalho e higiene ocupacional"},"content":{"rendered":"\n<p>Confec\u00e7\u00e3o de:<\/p>\n\n\n\n<ul><li>Declara\u00e7\u00e3o\ndas Instala\u00e7\u00f5es \u2013 NR2 <\/li><li>Mapa\nde Riscos \u2013 NR5 <\/li><li>Programa\nde Preven\u00e7\u00e3o de Riscos Ambientais (PPRA) \u2013 NR9 <\/li><li>An\u00e1lise\nGlobal do PPRA \u2013 NR9 <\/li><li>Prontu\u00e1rio\ndas Instala\u00e7\u00f5es El\u00e9tricas \u2013 NR10 <\/li><li>Diagramas\nunifilares \u2013 NR10 <\/li><li>Plano\nde Emerg\u00eancia \u2013 NR10 <\/li><li>Invent\u00e1rio\ndas m\u00e1quinas e equipamentos \u2013 NR12 <\/li><li>Plano\nde movimenta\u00e7\u00e3o de carga (Plano de Rigging) \u2013 NR12 <\/li><li>Plano\nde movimenta\u00e7\u00e3o de pessoas \u2013 NR12 <\/li><li>Plano\nde A\u00e7\u00e3o (Vasos de press\u00e3o sem c\u00f3digos de projeto) \u2013 NR13 <\/li><li>Plano\nde Inspe\u00e7\u00e3o (Tubula\u00e7\u00f5es) \u2013 NR13 <\/li><li>Plano\nde Manuten\u00e7\u00e3o (Tubula\u00e7\u00f5es de vapor de \u00e1gua e acess\u00f3rios) \u2013 NR13 <\/li><li>Programa\nde Inspe\u00e7\u00e3o (Tubula\u00e7\u00f5es) \u2013 NR13 <\/li><li>Programa\nde Preven\u00e7\u00e3o \u00e0 Exposi\u00e7\u00e3o Ocupacional ao Benzeno (PPEOB) \u2013 Anexo 13, NR15 <\/li><li>An\u00e1lise\nErgon\u00f4mica do Trabalho (AET) \u2013 NR17 <\/li><li>Plano\nde Emerg\u00eancia \u2013 NR18 <\/li><li>Plano\nde cargas para Gruas \u2013 NR18 <\/li><li>Programa\nde Condi\u00e7\u00f5es e Meio Ambiente de Trabalho na Ind\u00fastria da Constru\u00e7\u00e3o (PCMAT) \u2013\nNR18 <\/li><li>Programa\nde Manuten\u00e7\u00e3o&nbsp; Preventiva&nbsp; (Equipamentos&nbsp;\nde&nbsp; movimenta\u00e7\u00e3o&nbsp; e&nbsp;\ntransporte&nbsp; de materiais e ou\npessoas) \u2013 NR18 <\/li><li>Programa\nde manuten\u00e7\u00e3o preventiva para PTA &#8211; Plataformas de Transporte A\u00e9reo \u2013 NR18 <\/li><li>Plano\nde Emerg\u00eancia e Combate a Inc\u00eandio e Explos\u00e3o \u2013 Anexo I, NR19 <\/li><li>Plano\nde manuten\u00e7\u00e3o preventiva de m\u00e1quinas e equipamentos \u2013 Anexo I, NR19 <\/li><li>Procedimentos\noperacionais para&nbsp; fabrica\u00e7\u00e3o,\narmazenamento e manipula\u00e7\u00e3o de produtos ou misturas explosivas \u2013 Anexo I, NR19 <\/li><li>Invent\u00e1rio\ngeral dos riscos \u2013 Anexo I, NR19 <\/li><li>Invent\u00e1rio\nde produtos utilizados \u2013 Anexo I, NR19 <\/li><li>Prontu\u00e1rio\nda Instala\u00e7\u00e3o \u2013 NR20 <\/li><li>Programa\nde Gerenciamento de Riscos (PGR) \u2013 NR22 <\/li><li>Plano\nde Controle de Emerg\u00eancia (PCE) \u2013 NR29 <\/li><li>Plano\nde Ajuda M\u00fatua (PAM) \u2013 NR29 <\/li><li>Plano\nde Emerg\u00eancia \u2013 Anexo II, NR30 <\/li><li>Programa\nde Controle de Animais Sinantr\u00f3picos \u2013 NR32 <\/li><li>Plano\nde Prote\u00e7\u00e3o Radiol\u00f3gica (PPR) \u2013 NR32<\/li><li>Plano\nde auto resgate e resgate dos profissionais \u2013 NR34 <\/li><li>Programa\nde Prote\u00e7\u00e3o Respirat\u00f3ria (PPR) \u2013 NR34 <\/li><li>Plano\nde Prote\u00e7\u00e3o Radiol\u00f3gica (PPR) \u2013 NR34 <\/li><li>Plano\nde Emerg\u00eancia \u2013 NR35 <\/li><li>Plano\nde resgate \u2013 NR35 <\/li><li>Avalia\u00e7\u00f5es\nambientais: ru\u00eddo por dosimetria, calor IBUTG, radia\u00e7\u00e3o ionizante e radia\u00e7\u00e3o\nn\u00e3o ionizante, ilumina\u00e7\u00e3o \/ ilumin\u00e2ncia \/ luminosidade, vibra\u00e7\u00e3o, fumos\nmet\u00e1licos, gases e vapores, vapores org\u00e2nicos, vapores inorg\u00e2nicos e n\u00e9voas e\npoeiras (s\u00edlica, met\u00e1lica, org\u00e2nica, algod\u00e3o, madeira, PNOS\/PNOC, dentre\noutras)<\/li><\/ul>\n","protected":false},"excerpt":{"rendered":"<p>Confec\u00e7\u00e3o de: Declara\u00e7\u00e3o das Instala\u00e7\u00f5es \u2013 NR2 Mapa de Riscos \u2013 NR5 Programa de Preven\u00e7\u00e3o de Riscos Ambientais (PPRA) \u2013 NR9 An\u00e1lise Global do PPRA \u2013 NR9 Prontu\u00e1rio das Instala\u00e7\u00f5es El\u00e9tricas \u2013 NR10 Diagramas unifilares \u2013 NR10 Plano de Emerg\u00eancia \u2013 NR10 Invent\u00e1rio das m\u00e1quinas e equipamentos \u2013 NR12 Plano de movimenta\u00e7\u00e3o de carga (Plano<a class=\"moretag\" href=\"https:\/\/aguiabrasilsolucoes.com.br\/?page_id=159\"><span class=\"screen-reader-text\">Read more about Seguran\u00e7a do trabalho e higiene ocupacional<\/span>[&#8230;]<\/a><\/p>\n","protected":false},"author":1,"featured_media":0,"parent":0,"menu_order":0,"comment_status":"closed","ping_status":"closed","template":"","meta":{"footnotes":""},"_links":{"self":[{"href":"https:\/\/aguiabrasilsolucoes.com.br\/index.php?rest_route=\/wp\/v2\/pages\/159"}],"collection":[{"href":"https:\/\/aguiabrasilsolucoes.com.br\/index.php?rest_route=\/wp\/v2\/pages"}],"about":[{"href":"https:\/\/aguiabrasilsolucoes.com.br\/index.php?rest_route=\/wp\/v2\/types\/page"}],"author":[{"embeddable":true,"href":"https:\/\/aguiabrasilsolucoes.com.br\/index.php?rest_route=\/wp\/v2\/users\/1"}],"replies":[{"embeddable":true,"href":"https:\/\/aguiabrasilsolucoes.com.br\/index.php?rest_route=%2Fwp%2Fv2%2Fcomments&post=159"}],"version-history":[{"count":2,"href":"https:\/\/aguiabrasilsolucoes.com.br\/index.php?rest_route=\/wp\/v2\/pages\/159\/revisions"}],"predecessor-version":[{"id":282,"href":"https:\/\/aguiabrasilsolucoes.com.br\/index.php?rest_route=\/wp\/v2\/pages\/159\/revisions\/282"}],"wp:attachment":[{"href":"https:\/\/aguiabrasilsolucoes.com.br\/index.php?rest_route=%2Fwp%2Fv2%2Fmedia&parent=159"}],"curies":[{"name":"wp","href":"https:\/\/api.w.org\/{rel}","templated":true}]}}