{"id":160,"date":"2019-01-17T23:04:44","date_gmt":"2019-01-17T23:04:44","guid":{"rendered":"https:\/\/aguiabrasilsolucoes.com.br\/?page_id=160"},"modified":"2019-01-18T00:46:21","modified_gmt":"2019-01-18T00:46:21","slug":"medicina-do-trabalho","status":"publish","type":"page","link":"https:\/\/aguiabrasilsolucoes.com.br\/?page_id=160","title":{"rendered":"Medicina do trabalho"},"content":{"rendered":"\n<p>Confec\u00e7\u00e3o de:<\/p>\n\n\n\n<ul><li>Programa\nde Controle M\u00e9dico de Sa\u00fade Ocupacional (PCMSO) \u2013 NR7 <\/li><li>Relat\u00f3rio\nAnual do PCMSO \u2013 NR7 <\/li><li>Programa\nde Conserva\u00e7\u00e3o Auditiva (PCA) \u2013 Anexo I, Quadro II, NR7 <\/li><li>Programa\nde vigil\u00e2ncia epidemiol\u00f3gica \u2013 Anexo II, NR17 <\/li><li>Programa\nde Prote\u00e7\u00e3o Respirat\u00f3ria (PPR) \u2013 NR22 <\/li><li>Programa\nde Conserva\u00e7\u00e3o Auditiva (PCA) \u2013 NR36<\/li><\/ul>\n","protected":false},"excerpt":{"rendered":"<p>Confec\u00e7\u00e3o de: Programa de Controle M\u00e9dico de Sa\u00fade Ocupacional (PCMSO) \u2013 NR7 Relat\u00f3rio Anual do PCMSO \u2013 NR7 Programa de Conserva\u00e7\u00e3o Auditiva (PCA) \u2013 Anexo I, Quadro II, NR7 Programa de vigil\u00e2ncia epidemiol\u00f3gica \u2013 Anexo II, NR17 Programa de Prote\u00e7\u00e3o Respirat\u00f3ria (PPR) \u2013 NR22 Programa de Conserva\u00e7\u00e3o Auditiva (PCA) \u2013 NR36<\/p>\n","protected":false},"author":1,"featured_media":0,"parent":0,"menu_order":0,"comment_status":"closed","ping_status":"closed","template":"","meta":{"footnotes":""},"_links":{"self":[{"href":"https:\/\/aguiabrasilsolucoes.com.br\/index.php?rest_route=\/wp\/v2\/pages\/160"}],"collection":[{"href":"https:\/\/aguiabrasilsolucoes.com.br\/index.php?rest_route=\/wp\/v2\/pages"}],"about":[{"href":"https:\/\/aguiabrasilsolucoes.com.br\/index.php?rest_route=\/wp\/v2\/types\/page"}],"author":[{"embeddable":true,"href":"https:\/\/aguiabrasilsolucoes.com.br\/index.php?rest_route=\/wp\/v2\/users\/1"}],"replies":[{"embeddable":true,"href":"https:\/\/aguiabrasilsolucoes.com.br\/index.php?rest_route=%2Fwp%2Fv2%2Fcomments&post=160"}],"version-history":[{"count":3,"href":"https:\/\/aguiabrasilsolucoes.com.br\/index.php?rest_route=\/wp\/v2\/pages\/160\/revisions"}],"predecessor-version":[{"id":283,"href":"https:\/\/aguiabrasilsolucoes.com.br\/index.php?rest_route=\/wp\/v2\/pages\/160\/revisions\/283"}],"wp:attachment":[{"href":"https:\/\/aguiabrasilsolucoes.com.br\/index.php?rest_route=%2Fwp%2Fv2%2Fmedia&parent=160"}],"curies":[{"name":"wp","href":"https:\/\/api.w.org\/{rel}","templated":true}]}}