{"id":162,"date":"2019-01-17T23:04:44","date_gmt":"2019-01-17T23:04:44","guid":{"rendered":"https:\/\/aguiabrasilsolucoes.com.br\/?page_id=162"},"modified":"2019-01-18T00:37:55","modified_gmt":"2019-01-18T00:37:55","slug":"previdencia-social","status":"publish","type":"page","link":"https:\/\/aguiabrasilsolucoes.com.br\/?page_id=162","title":{"rendered":"Previd\u00eancia Social"},"content":{"rendered":"\n<p>Confec\u00e7\u00e3o de:<\/p>\n\n\n\n<ul><li>LTCAT\n&#8211; Laudo T\u00e9cnico das Condi\u00e7\u00f5es do Ambiente de Trabalho<\/li><li>LTCAT\nextempor\u00e2neo<\/li><li>PPP\n&#8211; Perfil Profissiogr\u00e1fico Previdenci\u00e1rio<\/li><\/ul>\n","protected":false},"excerpt":{"rendered":"<p>Confec\u00e7\u00e3o de: LTCAT &#8211; Laudo T\u00e9cnico das Condi\u00e7\u00f5es do Ambiente de Trabalho LTCAT extempor\u00e2neo PPP &#8211; Perfil Profissiogr\u00e1fico Previdenci\u00e1rio<\/p>\n","protected":false},"author":1,"featured_media":0,"parent":0,"menu_order":0,"comment_status":"closed","ping_status":"closed","template":"","meta":{"footnotes":""},"_links":{"self":[{"href":"https:\/\/aguiabrasilsolucoes.com.br\/index.php?rest_route=\/wp\/v2\/pages\/162"}],"collection":[{"href":"https:\/\/aguiabrasilsolucoes.com.br\/index.php?rest_route=\/wp\/v2\/pages"}],"about":[{"href":"https:\/\/aguiabrasilsolucoes.com.br\/index.php?rest_route=\/wp\/v2\/types\/page"}],"author":[{"embeddable":true,"href":"https:\/\/aguiabrasilsolucoes.com.br\/index.php?rest_route=\/wp\/v2\/users\/1"}],"replies":[{"embeddable":true,"href":"https:\/\/aguiabrasilsolucoes.com.br\/index.php?rest_route=%2Fwp%2Fv2%2Fcomments&post=162"}],"version-history":[{"count":2,"href":"https:\/\/aguiabrasilsolucoes.com.br\/index.php?rest_route=\/wp\/v2\/pages\/162\/revisions"}],"predecessor-version":[{"id":269,"href":"https:\/\/aguiabrasilsolucoes.com.br\/index.php?rest_route=\/wp\/v2\/pages\/162\/revisions\/269"}],"wp:attachment":[{"href":"https:\/\/aguiabrasilsolucoes.com.br\/index.php?rest_route=%2Fwp%2Fv2%2Fmedia&parent=162"}],"curies":[{"name":"wp","href":"https:\/\/api.w.org\/{rel}","templated":true}]}}