{"id":163,"date":"2019-01-17T23:04:44","date_gmt":"2019-01-17T23:04:44","guid":{"rendered":"https:\/\/aguiabrasilsolucoes.com.br\/?page_id=163"},"modified":"2019-01-18T00:38:16","modified_gmt":"2019-01-18T00:38:16","slug":"ergonomia","status":"publish","type":"page","link":"https:\/\/aguiabrasilsolucoes.com.br\/?page_id=163","title":{"rendered":"Ergonomia"},"content":{"rendered":"\n<p>Confec\u00e7\u00e3o de:<\/p>\n\n\n\n<ul><li>An\u00e1lise\nErgon\u00f4mica do Trabalho<\/li><li>Laudo\nErgon\u00f4mico<\/li><\/ul>\n","protected":false},"excerpt":{"rendered":"<p>Confec\u00e7\u00e3o de: An\u00e1lise Ergon\u00f4mica do Trabalho Laudo Ergon\u00f4mico<\/p>\n","protected":false},"author":1,"featured_media":0,"parent":0,"menu_order":0,"comment_status":"closed","ping_status":"closed","template":"","meta":{"footnotes":""},"_links":{"self":[{"href":"https:\/\/aguiabrasilsolucoes.com.br\/index.php?rest_route=\/wp\/v2\/pages\/163"}],"collection":[{"href":"https:\/\/aguiabrasilsolucoes.com.br\/index.php?rest_route=\/wp\/v2\/pages"}],"about":[{"href":"https:\/\/aguiabrasilsolucoes.com.br\/index.php?rest_route=\/wp\/v2\/types\/page"}],"author":[{"embeddable":true,"href":"https:\/\/aguiabrasilsolucoes.com.br\/index.php?rest_route=\/wp\/v2\/users\/1"}],"replies":[{"embeddable":true,"href":"https:\/\/aguiabrasilsolucoes.com.br\/index.php?rest_route=%2Fwp%2Fv2%2Fcomments&post=163"}],"version-history":[{"count":2,"href":"https:\/\/aguiabrasilsolucoes.com.br\/index.php?rest_route=\/wp\/v2\/pages\/163\/revisions"}],"predecessor-version":[{"id":270,"href":"https:\/\/aguiabrasilsolucoes.com.br\/index.php?rest_route=\/wp\/v2\/pages\/163\/revisions\/270"}],"wp:attachment":[{"href":"https:\/\/aguiabrasilsolucoes.com.br\/index.php?rest_route=%2Fwp%2Fv2%2Fmedia&parent=163"}],"curies":[{"name":"wp","href":"https:\/\/api.w.org\/{rel}","templated":true}]}}