{"id":164,"date":"2019-01-17T23:04:44","date_gmt":"2019-01-17T23:04:44","guid":{"rendered":"https:\/\/aguiabrasilsolucoes.com.br\/?page_id=164"},"modified":"2019-01-18T00:38:47","modified_gmt":"2019-01-18T00:38:47","slug":"assessoria-juridica","status":"publish","type":"page","link":"https:\/\/aguiabrasilsolucoes.com.br\/?page_id=164","title":{"rendered":"Assessoria jur\u00eddica"},"content":{"rendered":"\n<p>Assessoria relacionada:<\/p>\n\n\n\n<ul><li>Sa\u00fade\nocupacional, <\/li><li>Seguran\u00e7a\ndo trabalho <\/li><li>Previdenci\u00e1ria\n(aposentadoria especial)<\/li><li>Nexo\nt\u00e9cnico previdenci\u00e1rio (nexo t\u00e9cnico profissional ou do trabalho, nexo t\u00e9cnico\npor doen\u00e7a equiparada a acidente de trabalho ou nexo t\u00e9cnico individual e nexo\nt\u00e9cnico epidemiol\u00f3gico previdenci\u00e1rio)<\/li><li>Sistema de escritura\u00e7\u00e3o digital das obriga\u00e7\u00f5es\nfiscais, previdenci\u00e1rias e trabalhistas (eSocial).<\/li><\/ul>\n","protected":false},"excerpt":{"rendered":"<p>Assessoria relacionada: Sa\u00fade ocupacional, Seguran\u00e7a do trabalho Previdenci\u00e1ria (aposentadoria especial) Nexo t\u00e9cnico previdenci\u00e1rio (nexo t\u00e9cnico profissional ou do trabalho, nexo t\u00e9cnico por doen\u00e7a equiparada a acidente de trabalho ou nexo t\u00e9cnico individual e nexo t\u00e9cnico epidemiol\u00f3gico previdenci\u00e1rio) Sistema de escritura\u00e7\u00e3o digital das obriga\u00e7\u00f5es fiscais, previdenci\u00e1rias e trabalhistas (eSocial).<\/p>\n","protected":false},"author":1,"featured_media":0,"parent":0,"menu_order":0,"comment_status":"closed","ping_status":"closed","template":"","meta":{"footnotes":""},"_links":{"self":[{"href":"https:\/\/aguiabrasilsolucoes.com.br\/index.php?rest_route=\/wp\/v2\/pages\/164"}],"collection":[{"href":"https:\/\/aguiabrasilsolucoes.com.br\/index.php?rest_route=\/wp\/v2\/pages"}],"about":[{"href":"https:\/\/aguiabrasilsolucoes.com.br\/index.php?rest_route=\/wp\/v2\/types\/page"}],"author":[{"embeddable":true,"href":"https:\/\/aguiabrasilsolucoes.com.br\/index.php?rest_route=\/wp\/v2\/users\/1"}],"replies":[{"embeddable":true,"href":"https:\/\/aguiabrasilsolucoes.com.br\/index.php?rest_route=%2Fwp%2Fv2%2Fcomments&post=164"}],"version-history":[{"count":2,"href":"https:\/\/aguiabrasilsolucoes.com.br\/index.php?rest_route=\/wp\/v2\/pages\/164\/revisions"}],"predecessor-version":[{"id":271,"href":"https:\/\/aguiabrasilsolucoes.com.br\/index.php?rest_route=\/wp\/v2\/pages\/164\/revisions\/271"}],"wp:attachment":[{"href":"https:\/\/aguiabrasilsolucoes.com.br\/index.php?rest_route=%2Fwp%2Fv2%2Fmedia&parent=164"}],"curies":[{"name":"wp","href":"https:\/\/api.w.org\/{rel}","templated":true}]}}