{"id":167,"date":"2019-01-17T23:04:44","date_gmt":"2019-01-17T23:04:44","guid":{"rendered":"https:\/\/aguiabrasilsolucoes.com.br\/?page_id=167"},"modified":"2019-01-18T00:44:26","modified_gmt":"2019-01-18T00:44:26","slug":"assessoria-em-certificacao-iso-45-001-e-iso-14-001","status":"publish","type":"page","link":"https:\/\/aguiabrasilsolucoes.com.br\/?page_id=167","title":{"rendered":"Assessoria em certifica\u00e7\u00e3o ISO 45.001 e ISO 14.001"},"content":{"rendered":"\n<p>Assessoria t\u00e9cnica em processo de\ncertifica\u00e7\u00e3o das normas:<\/p>\n\n\n\n<ul><li>ISO\n45.001: Sistemas de Gest\u00e3o de Seguran\u00e7a e Sa\u00fade ocupacional<\/li><li>ISO\n14.001: Sistema de Gest\u00e3o Ambiental<\/li><\/ul>\n","protected":false},"excerpt":{"rendered":"<p>Assessoria t\u00e9cnica em processo de certifica\u00e7\u00e3o das normas: ISO 45.001: Sistemas de Gest\u00e3o de Seguran\u00e7a e Sa\u00fade ocupacional ISO 14.001: Sistema de Gest\u00e3o Ambiental<\/p>\n","protected":false},"author":1,"featured_media":0,"parent":0,"menu_order":0,"comment_status":"closed","ping_status":"closed","template":"","meta":{"footnotes":""},"_links":{"self":[{"href":"https:\/\/aguiabrasilsolucoes.com.br\/index.php?rest_route=\/wp\/v2\/pages\/167"}],"collection":[{"href":"https:\/\/aguiabrasilsolucoes.com.br\/index.php?rest_route=\/wp\/v2\/pages"}],"about":[{"href":"https:\/\/aguiabrasilsolucoes.com.br\/index.php?rest_route=\/wp\/v2\/types\/page"}],"author":[{"embeddable":true,"href":"https:\/\/aguiabrasilsolucoes.com.br\/index.php?rest_route=\/wp\/v2\/users\/1"}],"replies":[{"embeddable":true,"href":"https:\/\/aguiabrasilsolucoes.com.br\/index.php?rest_route=%2Fwp%2Fv2%2Fcomments&post=167"}],"version-history":[{"count":2,"href":"https:\/\/aguiabrasilsolucoes.com.br\/index.php?rest_route=\/wp\/v2\/pages\/167\/revisions"}],"predecessor-version":[{"id":279,"href":"https:\/\/aguiabrasilsolucoes.com.br\/index.php?rest_route=\/wp\/v2\/pages\/167\/revisions\/279"}],"wp:attachment":[{"href":"https:\/\/aguiabrasilsolucoes.com.br\/index.php?rest_route=%2Fwp%2Fv2%2Fmedia&parent=167"}],"curies":[{"name":"wp","href":"https:\/\/api.w.org\/{rel}","templated":true}]}}